{"id":171,"date":"2021-05-03T11:21:35","date_gmt":"2021-05-03T16:21:35","guid":{"rendered":"http:\/\/ecohotelcolombia.com\/?page_id=171"},"modified":"2021-11-24T15:32:36","modified_gmt":"2021-11-24T20:32:36","slug":"hotel-aguamarina","status":"publish","type":"page","link":"https:\/\/ecohotelcolombia.com\/en\/hotel-aguamarina\/","title":{"rendered":"Hotel en Puerto Nari\u00f1o, Colombia &#8211; Ecohotel Aldea"},"content":{"rendered":"<h1>Ecohotel Aldea <br \/> Te conectamos con la naturaleza<\/h1>\n<h2>\u00a1Ven, a vivir una aventura en el amazonas!<\/h2>\n<h2>Puerto Nari\u00f1o,<br \/>Colombia<\/h2>\n<p>A orillas del r\u00edo Loretoyacu, cuyas aguas son negras debido a la descomposici\u00f3n vegetal, est\u00e1 Puerto Nari\u00f1o, un pueblo tranquilo donde habitan cerca de 7.700 personas, la mayor\u00eda de etnias ind\u00edgenas. Llaman la atenci\u00f3n los colores alegres de las fachadas de sus casas de madera y el hecho de que aqu\u00ed no circulan autom\u00f3viles.<\/p>\n<p>Ofrecemos a los visitantes recorridos ecol\u00f3gicos de gran atractivo tur\u00edstico.<\/p>\n<p>Nuestros recorridos ecol\u00f3gicos cuentan con Avistamiento de aves ex\u00f3ticas del Amazonas, Delfines, Caimanes, Pez Piraruc\u00fa, y flora ex\u00f3tica como La Victoria R\u00e9gia.<\/p>\n<p>\t\t\t\t\t\t\t\t\t\t<img decoding=\"async\" width=\"700\" height=\"500\" src=\"http:\/\/ecohotelcolombia.com\/wp-content\/uploads\/2021\/10\/puertona.jpg\" alt=\"\" loading=\"lazy\" srcset=\"http:\/\/ecohotelcolombia.com\/wp-content\/uploads\/2021\/10\/puertona.jpg 700w, http:\/\/ecohotelcolombia.com\/wp-content\/uploads\/2021\/10\/puertona-300x214.jpg 300w\" sizes=\"auto, (max-width: 700px) 100vw, 700px\" \/>\t\t\t\t\t\t\t\t\t\t\t<\/p>\n<h2>Hospedate en Conexi\u00f3n con la Naturaleza<\/h2>\n<h2>\n\t\t\t\t\t\tHabitaci\u00f3n Small\t\t\t\t\t<\/h2>\n<p>\t\t\t\t\t\tAmplia habitaci\u00f3n con vista al Rio Amazonas.<br \/>\n<strong>$89.000<\/strong>\t\t\t\t\t<\/p>\n<h2>\n\t\t\t\t\t\tDouble Room\t\t\t\t\t<\/h2>\n<p>\t\t\t\t\t\tAmplia habitaci\u00f3n con vista al Rio Amazonas.<br \/>\n<strong>$89.000<\/strong>\t\t\t\t\t<\/p>\n<h2>\n\t\t\t\t\t\tAcomodaci\u00f3n M\u00faltiple\t\t\t\t\t<\/h2>\n<p>\t\t\t\t\t\tAmplia habitaci\u00f3n con vista al Rio Amazonas.<br \/>\n<strong>$89.000 PAX<\/strong><br \/>\n\t\t\t<a href=\"#\" role=\"button\"><br \/>\n\t\t\t\t\t\tVER TODAS LAS HABITACIONES<br \/>\n\t\t\t\t\t<\/a><\/p>\n<h2>Get Eco Hotel Village is the adventure easier<\/h2>\n<p style=\"text-align: center;\"><strong>Arrives<\/strong> the airport is Alfredo V\u00e1squez Cobo in Leticia, and <strong>take a taxi<\/strong> to \"Puerto Civil\"<\/p>\n<p>\t\t\t\t\t\t\t\t\t\t<img decoding=\"async\" width=\"170\" height=\"188\" src=\"http:\/\/ecohotelcolombia.com\/wp-content\/uploads\/2021\/10\/ICON2-06.png\" alt=\"\" loading=\"lazy\" \/>\t\t\t\t\t\t\t\t\t\t\t<\/p>\n<p style=\"text-align: center;\">Ya estando en el muelle, aborda una Lancha a Puerto Nari\u00f1o, el viaje dura 1h y 40m (Las Lanchas salen en horarios espec\u00edficos: 7:00am, 9:00am y 1:00pm<\/p>\n<p>\t\t\t\t\t\t\t\t\t\t<img decoding=\"async\" width=\"170\" height=\"182\" src=\"http:\/\/ecohotelcolombia.com\/wp-content\/uploads\/2021\/10\/ICON2-07.png\" alt=\"\" loading=\"lazy\" \/>\t\t\t\t\t\t\t\t\t\t\t<\/p>\n<p style=\"text-align: center;\"><strong>Addresses<\/strong> a fast boat (5 minutes) or a pot peque peque (10-15 minutes) from Puerto Nari\u00f1o towards Eco Hotel Village<\/p>\n<p style=\"text-align: center;\">Durante el viaje disfruta el ex\u00f3tico paisaje del amazonas.<\/p>\n<h1>\n\t\t\t\t\t\t\tNuestros<br \/>\n\t\t\t\t\t<\/h1>\n<p style=\"text-align: center;\">Podr\u00e1s visitar lugares de las TRES FRONTERAS como:<\/p>\n<ul>\n<li>El Hotel Yurupary en Leticia, Colombia<b>.<\/b>\n<p>\u00a0<\/p>\n<\/li>\n<li><strong><strong>Benjam\u00edn Constant\u00a0 en Brasil\u00a0<\/strong><\/strong>\n<p>\u00a0<\/p>\n<\/li>\n<li><strong>Islandia Per\u00fa;<\/strong><br \/>la aldea donde se encuentra el <strong>Pez Piraruc\u00fa<\/strong> m\u00e1s <strong>GRANDE.<\/strong><\/li>\n<\/ul>\n<p>En nuestros recorridos tambi\u00e9n disfrutar\u00e1s de una caminata ecol\u00f3gica en pleno coraz\u00f3n de la Selva, donde podr\u00e1s observar fauna salvaje como:<\/p>\n<ul>\n<li>La Anaconda Gigante<\/li>\n<li>Micos Chucruco<\/li>\n<li>Boca Blanca, entre otras especies.<\/li>\n<\/ul>\n<p>Te divertir\u00e1s con pesca deportiva de Pira\u00f1as, Palometas, entre otros.<\/p>\n<p>Disfrutar\u00e1s de un Safari Nocturno Acu\u00e1tico en Kayac, y observaremos Aves, El \u00c1rbol Caminante, y si el amazonas lo permite, podremos observar delfines grises y rosas.<\/p>\n<p style=\"text-align: center;\">\u00bfQu\u00e9 esperas? Es el mejor momento para ir a conocer La Amazonia, las vacaciones que siempre so\u00f1aste est\u00e1n mas cerca de lo que cre\u00edas.\u00a0<\/p>\n<h4 style=\"text-align: center;\"><em>\u00a1Toma la oportunidad y sal de la rutina!<\/em><\/h4>\n<p>\t\t\t<a href=\"https:\/\/hotelyurupary.com\/planes\/\" role=\"button\"><br \/>\n\t\t\t\t\t\tConoce nuestros planes<br \/>\n\t\t\t\t\t<\/a><\/p>\n<h2>OTROS DESTINOS:<\/h2>\n<h2>Hotel Yurupary<\/h2>\n<h2>Leticia<\/h2>\n<figure><img decoding=\"async\" src=\"http:\/\/ecohotelcolombia.com\/wp-content\/uploads\/elementor\/thumbs\/2-pf3ruuyw25el93ltiujocqskf59etgewsdyfum9sw8.jpg\" alt=\"2\" \/><\/figure>\n<figure><img decoding=\"async\" src=\"http:\/\/ecohotelcolombia.com\/wp-content\/uploads\/elementor\/thumbs\/Plan-1_1-pf3rxe58h2vej9xdqfyhklsa1is0k3gvgx8jegim4o.jpg\" alt=\"Plan-1_1\" \/><\/figure>\n<figure><img decoding=\"async\" src=\"http:\/\/ecohotelcolombia.com\/wp-content\/uploads\/elementor\/thumbs\/Hotel-Yurupary-1024x768-1-pf3rxmls6l6zfrl3d1m4p1nfdzmbhdegi33wpy62ko.jpg\" alt=\"Hotel-Yurupary-1024x768\" \/><\/figure>\n<p>\t\t\t\t\t\tAnterior<br \/>\n\t\t\t\t\t\tSiguiente<br \/>\n\t\t\t<a href=\"http:\/\/www.hotelyurupary.com\" role=\"button\"><br \/>\n\t\t\t\t\t\tVISITAR SITIO WEB<br \/>\n\t\t\t\t\t<\/a><\/p>\n<h2>Reserva Yavary Tucano<\/h2>\n<h2>Islandia &#8211; Per\u00fa<\/h2>\n<figure><img decoding=\"async\" src=\"http:\/\/ecohotelcolombia.com\/wp-content\/uploads\/elementor\/thumbs\/WhatsApp-Image-2018-11-26-at-9.07.12-AM-pf3s41u2vtziru97utkcqfatirym2wwfdvlcs0n820.jpeg\" alt=\"WhatsApp-Image-2018-11-26-at-9.07.12-AM\" \/><\/figure>\n<figure><img decoding=\"async\" src=\"http:\/\/ecohotelcolombia.com\/wp-content\/uploads\/elementor\/thumbs\/WhatsApp-Image-2018-12-17-at-10.15.45-AM-1-pf3s42rx2o0t3g7upbyzax2a45tzam05q08u9altvs.jpeg\" alt=\"WhatsApp-Image-2018-12-17-at-10.15.45-AM-1\" \/><\/figure>\n<figure><img decoding=\"async\" src=\"http:\/\/ecohotelcolombia.com\/wp-content\/uploads\/elementor\/thumbs\/reserva-yavary-9-pf3s43pr9i23f26hjudlvetqpjpcib3w24wbqkkfpk.jpg\" alt=\"reserva-yavary-9\" \/><\/figure>\n<p>\t\t\t\t\t\tAnterior<br \/>\n\t\t\t\t\t\tSiguiente<br \/>\n\t\t\t<a href=\"http:\/\/www.reservayavarytucano.com\" role=\"button\"><br \/>\n\t\t\t\t\t\tVISITAR SITIO WEB<br \/>\n\t\t\t\t\t<\/a><\/p>","protected":false},"excerpt":{"rendered":"<p>Ecohotel Aldea Te conectamos con la naturaleza \u00a1Ven, a vivir una aventura en el amazonas! Puerto Nari\u00f1o,Colombia A orillas del r\u00edo Loretoyacu, cuyas aguas son negras debido a la descomposici\u00f3n vegetal, est\u00e1 Puerto Nari\u00f1o, un pueblo tranquilo donde habitan cerca de 7.700 personas, la mayor\u00eda de etnias ind\u00edgenas. Llaman la atenci\u00f3n los colores alegres de [&hellip;]<\/p>","protected":false},"author":2,"featured_media":0,"parent":0,"menu_order":0,"comment_status":"closed","ping_status":"closed","template":"elementor_header_footer","meta":{"footnotes":""},"class_list":["post-171","page","type-page","status-publish","hentry"],"yoast_head":"<!-- This site is optimized with the Yoast SEO plugin v16.2 - https:\/\/yoast.com\/wordpress\/plugins\/seo\/ -->\n<title>EcoHotel Aldea | Reserva Aguamarina<\/title>\n<meta name=\"description\" content=\"Hospedaje en el Hotel Reserva Aguamarina, ven con toda tu familia y disfruta de las mejores vacaciones. El mejor EcoHotel Aldea\" \/>\n<meta name=\"robots\" content=\"index, follow, max-snippet:-1, max-image-preview:large, max-video-preview:-1\" \/>\n<link rel=\"canonical\" href=\"https:\/\/ecohotelcolombia.com\/en\/hotel-aguamarina\/\" \/>\n<meta property=\"og:locale\" content=\"en_US\" \/>\n<meta property=\"og:type\" content=\"article\" \/>\n<meta property=\"og:title\" content=\"Reserva Aguamarina - Hotel en Ladrilleros Colombia\" \/>\n<meta property=\"og:description\" content=\"Hosp\u00e9date en el Hotel Reserva Aguamarina, ven con toda tu familia y disfruta de las mejores vacaciones.\" \/>\n<meta property=\"og:url\" content=\"https:\/\/ecohotelcolombia.com\/en\/hotel-aguamarina\/\" \/>\n<meta property=\"og:site_name\" content=\"EcoHotel Aldea\" \/>\n<meta property=\"article:publisher\" content=\"https:\/\/www.facebook.com\/amazonas.puertonarino\" \/>\n<meta property=\"article:modified_time\" content=\"2021-11-24T20:32:36+00:00\" \/>\n<meta property=\"og:image\" content=\"http:\/\/ecohotelcolombia.com\/wp-content\/uploads\/2021\/05\/IMAGEN-PARA-COMPARTIR-1.jpg\" \/>\n\t<meta property=\"og:image:width\" content=\"1200\" \/>\n\t<meta property=\"og:image:height\" content=\"800\" \/>\n<meta name=\"twitter:card\" content=\"summary_large_image\" \/>\n<meta name=\"twitter:label1\" content=\"Est. reading time\">\n\t<meta name=\"twitter:data1\" content=\"5 minutes\">\n<script type=\"application\/ld+json\" class=\"yoast-schema-graph\">{\"@context\":\"https:\/\/schema.org\",\"@graph\":[{\"@type\":\"Organization\",\"@id\":\"https:\/\/ecohotelcolombia.com\/#organization\",\"name\":\"Eco Hotel Aldea - Puerto Nari\\u00f1o\",\"url\":\"https:\/\/ecohotelcolombia.com\/\",\"sameAs\":[\"https:\/\/www.facebook.com\/amazonas.puertonarino\",\"https:\/\/www.instagram.com\/ecohotel.aldea\/\"],\"logo\":{\"@type\":\"ImageObject\",\"@id\":\"https:\/\/ecohotelcolombia.com\/#logo\",\"inLanguage\":\"en-US\",\"url\":\"http:\/\/ecohotelcolombia.com\/wp-content\/uploads\/2021\/05\/BLANCO-Logo-Reserva-Aguamrina.png\",\"contentUrl\":\"http:\/\/ecohotelcolombia.com\/wp-content\/uploads\/2021\/05\/BLANCO-Logo-Reserva-Aguamrina.png\",\"width\":2993,\"height\":1447,\"caption\":\"Eco Hotel Aldea - Puerto Nari\\u00f1o\"},\"image\":{\"@id\":\"https:\/\/ecohotelcolombia.com\/#logo\"}},{\"@type\":\"WebSite\",\"@id\":\"https:\/\/ecohotelcolombia.com\/#website\",\"url\":\"https:\/\/ecohotelcolombia.com\/\",\"name\":\"Eco Hotel en Puerto Nari\\u00f1o Colombia\",\"description\":\"en Puerto Nari\\u00f1o - Colombia\",\"publisher\":{\"@id\":\"https:\/\/ecohotelcolombia.com\/#organization\"},\"potentialAction\":[{\"@type\":\"SearchAction\",\"target\":\"https:\/\/ecohotelcolombia.com\/?s={search_term_string}\",\"query-input\":\"required name=search_term_string\"}],\"inLanguage\":\"en-US\"},{\"@type\":\"ImageObject\",\"@id\":\"https:\/\/ecohotelcolombia.com\/hotel-aguamarina\/#primaryimage\",\"inLanguage\":\"en-US\",\"url\":\"https:\/\/ecohotelcolombia.com\/wp-content\/uploads\/2021\/05\/IMAGEN-PARA-COMPARTIR-1.jpg\",\"contentUrl\":\"https:\/\/ecohotelcolombia.com\/wp-content\/uploads\/2021\/05\/IMAGEN-PARA-COMPARTIR-1.jpg\",\"width\":1200,\"height\":800,\"caption\":\"Habitaciones con Balcon Privado en Ladrilleros Colombia\"},{\"@type\":\"WebPage\",\"@id\":\"https:\/\/ecohotelcolombia.com\/hotel-aguamarina\/#webpage\",\"url\":\"https:\/\/ecohotelcolombia.com\/hotel-aguamarina\/\",\"name\":\"EcoHotel Aldea | Reserva Aguamarina\",\"isPartOf\":{\"@id\":\"https:\/\/ecohotelcolombia.com\/#website\"},\"primaryImageOfPage\":{\"@id\":\"https:\/\/ecohotelcolombia.com\/hotel-aguamarina\/#primaryimage\"},\"datePublished\":\"2021-05-03T16:21:35+00:00\",\"dateModified\":\"2021-11-24T20:32:36+00:00\",\"description\":\"Hospedaje en el Hotel Reserva Aguamarina, ven con toda tu familia y disfruta de las mejores vacaciones. El mejor EcoHotel Aldea\",\"breadcrumb\":{\"@id\":\"https:\/\/ecohotelcolombia.com\/hotel-aguamarina\/#breadcrumb\"},\"inLanguage\":\"en-US\",\"potentialAction\":[{\"@type\":\"ReadAction\",\"target\":[\"https:\/\/ecohotelcolombia.com\/hotel-aguamarina\/\"]}]},{\"@type\":\"BreadcrumbList\",\"@id\":\"https:\/\/ecohotelcolombia.com\/hotel-aguamarina\/#breadcrumb\",\"itemListElement\":[{\"@type\":\"ListItem\",\"position\":1,\"item\":{\"@type\":\"WebPage\",\"@id\":\"https:\/\/ecohotelcolombia.com\/\",\"url\":\"https:\/\/ecohotelcolombia.com\/\",\"name\":\"Portada\"}},{\"@type\":\"ListItem\",\"position\":2,\"item\":{\"@id\":\"https:\/\/ecohotelcolombia.com\/hotel-aguamarina\/#webpage\"}}]}]}<\/script>\n<!-- \/ Yoast SEO plugin. -->","_links":{"self":[{"href":"https:\/\/ecohotelcolombia.com\/en\/wp-json\/wp\/v2\/pages\/171","targetHints":{"allow":["GET"]}}],"collection":[{"href":"https:\/\/ecohotelcolombia.com\/en\/wp-json\/wp\/v2\/pages"}],"about":[{"href":"https:\/\/ecohotelcolombia.com\/en\/wp-json\/wp\/v2\/types\/page"}],"author":[{"embeddable":true,"href":"https:\/\/ecohotelcolombia.com\/en\/wp-json\/wp\/v2\/users\/2"}],"replies":[{"embeddable":true,"href":"https:\/\/ecohotelcolombia.com\/en\/wp-json\/wp\/v2\/comments?post=171"}],"version-history":[{"count":50,"href":"https:\/\/ecohotelcolombia.com\/en\/wp-json\/wp\/v2\/pages\/171\/revisions"}],"predecessor-version":[{"id":1049,"href":"https:\/\/ecohotelcolombia.com\/en\/wp-json\/wp\/v2\/pages\/171\/revisions\/1049"}],"wp:attachment":[{"href":"https:\/\/ecohotelcolombia.com\/en\/wp-json\/wp\/v2\/media?parent=171"}],"curies":[{"name":"wp","href":"https:\/\/api.w.org\/{rel}","templated":true}]}}