{"id":506,"date":"2022-02-16T15:36:37","date_gmt":"2022-02-16T20:36:37","guid":{"rendered":"http:\/\/ecohotelcolombia.com\/?page_id=506"},"modified":"2025-06-18T17:57:14","modified_gmt":"2025-06-18T22:57:14","slug":"home2","status":"publish","type":"page","link":"https:\/\/ecohotelcolombia.com\/en\/","title":{"rendered":"home2"},"content":{"rendered":"<p><a href=\"#\"><br \/>\n\t\t\t\t\t\t\t<img decoding=\"async\" width=\"368\" height=\"416\" src=\"http:\/\/ecohotelcolombia.com\/wp-content\/uploads\/2022\/02\/LOGO-FULL-2.png\" alt=\"\" loading=\"lazy\" srcset=\"https:\/\/ecohotelcolombia.com\/wp-content\/uploads\/2022\/02\/LOGO-FULL-2.png 368w, https:\/\/ecohotelcolombia.com\/wp-content\/uploads\/2022\/02\/LOGO-FULL-2-265x300.png 265w\" sizes=\"auto, (max-width: 368px) 100vw, 368px\" \/>\t\t\t\t\t\t\t\t<\/a><br \/>\n\t\t\t\t\t<a href=\"https:\/\/ecohotelcolombia.com\/en\/\"> <img decoding=\"async\" src=\"http:\/\/ecohotelcolombia.com\/wp-content\/uploads\/2022\/02\/LOGO-FULL-2.png\" alt=\"EcoHotel Aldea\"><\/a><\/p>\n<ul id=\"menu-menu-3\">\n<li><a href=\"https:\/\/ecohotelcolombia.com\/en\/\">Rooms<\/a><\/li>\n<li><a href=\"https:\/\/ecohotelcolombia.com\/en\/tours\/\">Plans<\/a><\/li>\n<li><a href=\"https:\/\/ecohotelcolombia.com\/en\/actividades\/\">Activities<\/a><\/li>\n<li><a href=\"#llegar\">How to get<\/a><\/li>\n<li><a href=\"#contacto\">Contact<\/a><\/li>\n<\/ul>\n<p>\t\t\t\t\t<button><\/button>\t\t\t\t\t<\/p>\n<ul id=\"menu-menu-3\">\n<li><a href=\"https:\/\/ecohotelcolombia.com\/en\/\">Rooms<\/a><\/li>\n<li><a href=\"https:\/\/ecohotelcolombia.com\/en\/tours\/\">Plans<\/a><\/li>\n<li><a href=\"https:\/\/ecohotelcolombia.com\/en\/actividades\/\">Activities<\/a><\/li>\n<li><a href=\"#llegar\">How to get<\/a><\/li>\n<li><a href=\"#contacto\">Contact<\/a><\/li>\n<\/ul>\n<p>\t\t\t\t<button><\/button><br \/>\n\t\t\t\t<button><br \/>\n\t\t\t\t<\/button><br \/>\n\t\t\t\t<button><br \/>\n\t\t\t\t<\/button><br \/>\n\t\t\t<a href=\"https:\/\/wa.link\/rzp6xo\" role=\"button\"><br \/>\n\t\t\t\t\t\tBOOK<br \/>\n\t\t\t\t\t<\/a><\/p>\n<h1>Eco Hotel Aldea<\/h1>\n<h6>Live a unique experience full of many adventures and enjoy the Amazon Rainforest in all its glory.<\/h6>\n<p>\t\t\t\t\t\t\t\t\t\t\t\t<img decoding=\"async\" width=\"25\" height=\"30\" src=\"http:\/\/ecohotelcolombia.com\/wp-content\/uploads\/2022\/02\/icon-feature.png\" alt=\"\" loading=\"lazy\" \/>\t\t\t\t\t\t\t\t\t\t\t\t\t\t<\/p>\n<h2>Our Rooms<\/h2>\n<p>We have 9 cabins with fan and 6 air-conditioned rooms, surrounded by nature and with a design efficient, sustainable and original.<\/p>\n<h6>$ 181.000<\/h6>\n<h6>\/\/ Tarifa por 2 personas por Noche (Con aire acondicionado)<\/h6>\n<ul>\n<li>\n\t\t\t\t\t\t\t\t\t\t\t<a href=\"#\"><br \/>\n\t\t\t\t\t\t\t\t\t\t\tDouble Room<br \/>\n\t\t\t\t\t\t\t\t\t\t\t<\/a>\n\t\t\t\t\t\t\t\t\t<\/li>\n<\/ul>\n<h6>$ 155.000<\/h6>\n<h6>\/\/ Tarifa x 1 persona por Noche (Con aire acondicionado)<\/h6>\n<ul>\n<li>\n\t\t\t\t\t\t\t\t\t\t\t<a href=\"#\"><br \/>\n\t\t\t\t\t\t\t\t\t\t\tSingle Room<br \/>\n\t\t\t\t\t\t\t\t\t\t\t<\/a>\n\t\t\t\t\t\t\t\t\t<\/li>\n<\/ul>\n<h6>$ 232.000<\/h6>\n<h6>\/\/ Tarifa por 3 personas por Noche (Con aire acondiconado)<\/h6>\n<ul>\n<li>\n\t\t\t\t\t\t\t\t\t\t\t<a href=\"#\"><br \/>\n\t\t\t\t\t\t\t\t\t\t\tHabitaci\u00f3n Triple<br \/>\n\t\t\t\t\t\t\t\t\t\t\t<\/a>\n\t\t\t\t\t\t\t\t\t<\/li>\n<\/ul>\n<h6>$ 90.000<\/h6>\n<h6>Sencilla para 1 persona          <\/h6>\n<h6>\/\/     $ 143.000   <\/h6>\n<h6> Doble para 2 personas<\/h6>\n<h6>\/\/   $175.000<\/h6>\n<h6>Triple para 3 personas<\/h6>\n<h6>\/\/   $207.000<\/h6>\n<h6>Cu\u00e1druple para 4 personas<\/h6>\n<ul>\n<li>\n\t\t\t\t\t\t\t\t\t\t\t<a href=\"#\"><br \/>\n\t\t\t\t\t\t\t\t\t\t\tBungalow \/ private cabin with a fan<br \/>\n\t\t\t\t\t\t\t\t\t\t\t<\/a>\n\t\t\t\t\t\t\t\t\t<\/li>\n<\/ul>\n<h6>$5.000 a 8.000<\/h6>\n<h6>\/ Transporte taxi fluvial por persona<\/h6>\n<ul>\n<li>\n\t\t\t\t\t\t\t\t\t\t\t<a href=\"#\"><br \/>\n\t\t\t\t\t\t\t\t\t\t\tTraslado Puerto Nari\u00f1o &#8211; Hotel<br \/>\n\t\t\t\t\t\t\t\t\t\t\t<\/a>\n\t\t\t\t\t\t\t\t\t<\/li>\n<\/ul>\n<p>El<strong> Traslado de Puerto Nari\u00f1o &#8211; Hotel, es gratuito SI informa al +573125425900 y usted tiene la reserva e informa apenas compre el tiquete de Leticia a Puerto Nari\u00f1o.<\/strong><\/p>\n<h6>Planes por el  Amazonas<\/h6>\n<p>\t\t\t<a href=\"https:\/\/ecohotelcolombia.com\/en\/tours\/\" role=\"button\"><br \/>\n\t\t\t\t\t\tGo to Plans<br \/>\n\t\t\t\t\t<\/a><\/p>\n<h6>SPACES OF THE HOTEL<\/h6>\n<h4>Restaurante &#038; Bar<\/h4>\n<p>Come to taste dishes typical of the amazon region.<\/p>\n<ul>\n<li>\n\t\t\t\t\t\t\t\t\t\tAbierto: 7:00am &#8211; 7:30pm\n\t\t\t\t\t\t\t\t\t<\/li>\n<li>\n\t\t\t\t\t\t\t\t\t\tBreakfast: $5 USD\n\t\t\t\t\t\t\t\t\t<\/li>\n<li>\n\t\t\t\t\t\t\t\t\t\tAlmuerzo: $27.000 &#8211; $45.000\n\t\t\t\t\t\t\t\t\t<\/li>\n<li>\n\t\t\t\t\t\t\t\t\t\tCena: $22.500 &#8211; $45.000\n\t\t\t\t\t\t\t\t\t<\/li>\n<\/ul>\n<p>\t\t\t\t\t\t\t\t\t\t\t\t<img decoding=\"async\" width=\"700\" height=\"500\" src=\"http:\/\/ecohotelcolombia.com\/wp-content\/uploads\/2021\/10\/puertona.jpg\" alt=\"\" loading=\"lazy\" srcset=\"https:\/\/ecohotelcolombia.com\/wp-content\/uploads\/2021\/10\/puertona.jpg 700w, https:\/\/ecohotelcolombia.com\/wp-content\/uploads\/2021\/10\/puertona-300x214.jpg 300w\" sizes=\"auto, (max-width: 700px) 100vw, 700px\" \/>\t\t\t\t\t\t\t\t\t\t\t\t\t\t<\/p>\n<h3>Welcome to<\/h3>\n<h3>Puerto Nari\u00f1o<\/h3>\n<p>On the banks of the river Loretoyacu, Puerto Nari\u00f1o, a quiet town where you live about 7,700 people, the majority of indigenous ethnic groups. Draw attention the cheerful colors of the facades of their houses of wood and the fact that they do not run cars.<\/p>\n<p><em>&#034;We offer to the visitors ecological tours of great tourist attraction. <\/em><em>Our eco tours include Sightings of exotic birds of the Amazon, Dolphins, Alligators, Fish Pirarucu, and exotic flora such as The Victoria R\u00e9gia.&#034;<\/em><\/p>\n<p>\t\t\t        <!-- link opening --><br \/>\n                <a href=\"#\" target=\"_self\" rel=\"\"><br \/>\n                <!-- end link opening --><br \/>\n                    <img decoding=\"async\" src=\"\" title=\"\" alt=\"\" \/>                <\/p>\n<h3>\n                    Yolanda Soto                <\/h3>\n<p>Founder <\/p>\n<p>                <\/a><\/p>\n<h2>4.6<\/h2>\n<p>\t\t\t\t\t<a target=\"_blank\"><br \/>\n\t\t\t\t\t\tIcon-star-1<br \/>\n\t\t\t\t\t\t\t\t\t\t\t<\/a><br \/>\n\t\t\t\t\t<a target=\"_blank\"><br \/>\n\t\t\t\t\t\tIcon-star-1<br \/>\n\t\t\t\t\t\t\t\t\t\t\t<\/a><br \/>\n\t\t\t\t\t<a target=\"_blank\"><br \/>\n\t\t\t\t\t\tIcon-star-1<br \/>\n\t\t\t\t\t\t\t\t\t\t\t<\/a><br \/>\n\t\t\t\t\t<a target=\"_blank\"><br \/>\n\t\t\t\t\t\tIcon-star-1<br \/>\n\t\t\t\t\t\t\t\t\t\t\t<\/a><br \/>\n\t\t\t\t\t<a target=\"_blank\"><br \/>\n\t\t\t\t\t\tIcon-star-1<br \/>\n\t\t\t\t\t\t\t\t\t\t\t<\/a><br \/>\n\t\t\t\t\t\t\t\t\t\t\t\t<img decoding=\"async\" width=\"1000\" height=\"244\" src=\"http:\/\/ecohotelcolombia.com\/wp-content\/uploads\/2022\/02\/tripadvisor.png\" alt=\"\" loading=\"lazy\" srcset=\"https:\/\/ecohotelcolombia.com\/wp-content\/uploads\/2022\/02\/tripadvisor.png 1000w, https:\/\/ecohotelcolombia.com\/wp-content\/uploads\/2022\/02\/tripadvisor-300x73.png 300w, https:\/\/ecohotelcolombia.com\/wp-content\/uploads\/2022\/02\/tripadvisor-768x187.png 768w\" sizes=\"auto, (max-width: 1000px) 100vw, 1000px\" \/><br \/>\n\t\t\t\t\t\t\t\t\t\t\t\t<img decoding=\"async\" width=\"51\" height=\"51\" src=\"http:\/\/ecohotelcolombia.com\/wp-content\/uploads\/2022\/02\/icon-tab-06.png\" alt=\"\" loading=\"lazy\" \/>\t\t\t\t\t\t\t\t\t\t\t\t\t\t<\/p>\n<h2>What to do in puerto nari\u00f1o?<\/h2>\n<p>This is an exotic destination, and adventure. Get ready for safaris night watching exotic birds, friendly and curious monkeys, pink dolphins and a flora endemic to the region.<\/p>\n<p>\t\t\t<a href=\"https:\/\/ecohotelcolombia.com\/en\/actividades\/\" role=\"button\"><br \/>\n\t\t\t\t\t\tGo to Activities<br \/>\n\t\t\t\t\t<\/a><br \/>\n\t\t\t\t\t\t\t\t\t\t\t\t<img decoding=\"async\" width=\"576\" height=\"768\" src=\"http:\/\/ecohotelcolombia.com\/wp-content\/uploads\/2022\/02\/251763449.jpg\" alt=\"\" loading=\"lazy\" srcset=\"https:\/\/ecohotelcolombia.com\/wp-content\/uploads\/2022\/02\/251763449.jpg 576w, https:\/\/ecohotelcolombia.com\/wp-content\/uploads\/2022\/02\/251763449-225x300.jpg 225w\" sizes=\"auto, (max-width: 576px) 100vw, 576px\" \/><br \/>\n\t\t\t\t\t\t\t\t\t\t\t\t<img decoding=\"async\" width=\"578\" height=\"1280\" src=\"http:\/\/ecohotelcolombia.com\/wp-content\/uploads\/2022\/03\/WhatsApp-Image-2022-03-25-at-2.12.11-PM.jpeg\" alt=\"\" loading=\"lazy\" srcset=\"https:\/\/ecohotelcolombia.com\/wp-content\/uploads\/2022\/03\/WhatsApp-Image-2022-03-25-at-2.12.11-PM.jpeg 578w, https:\/\/ecohotelcolombia.com\/wp-content\/uploads\/2022\/03\/WhatsApp-Image-2022-03-25-at-2.12.11-PM-135x300.jpeg 135w, https:\/\/ecohotelcolombia.com\/wp-content\/uploads\/2022\/03\/WhatsApp-Image-2022-03-25-at-2.12.11-PM-462x1024.jpeg 462w\" sizes=\"auto, (max-width: 578px) 100vw, 578px\" \/>\t\t\t\t\t\t\t\t\t\t\t\t\t\t<\/p>\n<h4>Book now! <\/h4>\n<h4>+57 312 542 59 00<\/h4>\n<p>Nuestro personal de atenci\u00f3n al cliente resolver\u00e1 todas sus dudas.<\/p>\n<p>\t\t\t<a href=\"https:\/\/wa.link\/rzp6xo\" role=\"button\"><br \/>\n\t\t\t\t\t\tMore information<br \/>\n\t\t\t\t\t<\/a><br \/>\n\t\t\t\t\t\t\t\t\t\t\t\t<img decoding=\"async\" width=\"51\" height=\"51\" src=\"http:\/\/ecohotelcolombia.com\/wp-content\/uploads\/2022\/02\/icon-tab-06.png\" alt=\"\" loading=\"lazy\" \/>\t\t\t\t\t\t\t\t\t\t\t\t\t\t<\/p>\n<h2>How to get?<\/h2>\n<p>\t\tGet Eco Hotel Village is the adventure easier\t\t<\/p>\n<h5>1. Get to Leticia<\/h5>\n<p><strong>Arrives<\/strong>\u00a0the airport is Alfredo V\u00e1squez Cobo in Leticia, and\u00a0<strong>take a taxi<\/strong> to \"Puerto Civil\"<\/p>\n<h5>2. To get to Puerto Nari\u00f1o<\/h5>\n<p>At the pier, board a Boat to Puerto Nari\u00f1o, the journey lasts 1 hour and 40 minutes (The Boats depart at specific times: 7:00am, 9:00am and 1:00pm).<\/p>\n<p>Precio de transporte promedio : $40.000 a $48.000<\/p>\n<h5>3. Comes to Eco Hotel village<\/h5>\n<p><strong>Addresses<\/strong>\u00a0a fast boat (5 minutes) or a pot peque peque (10-15 minutes) from Puerto Nari\u00f1o towards Eco Hotel Village<\/p>\n<p>Precio de transporte promedio: $5.000 a $8.000 pesos colombianos.\u00a0\u00a0El<strong> Traslado de Puerto Nari\u00f1o a Ecohotel, es gratuito, SI llama o escribe al +573125425900 y usted tiene la reserva e informa apenas compre el tiquete de Leticia a Puerto Nari\u00f1o.<\/strong>\u00a0<\/p>\n<h6>\u00a0<\/h6>\n<p><strong>Location:\u00a0<\/strong><\/p>\n<p>\t\t\t<iframe frameborder=\"0\" scrolling=\"no\" marginheight=\"0\" marginwidth=\"0\"\n\t\t\t\t\tsrc=\"https:\/\/maps.google.com\/maps?q=Ecohotel%2C%20puerto%20nari%C3%B1o&#038;t=m&#038;z=10&#038;output=embed&#038;iwloc=near\"\n\t\t\t\t\ttitle=\"Ecohotel, puerto nari\u00f1o\"\n\t\t\t\t\taria-label=\"Ecohotel, puerto nari\u00f1o\"\n\t\t\t><\/iframe><br \/>\n\t\t\t\t\t\t\t\t\t\t\t\t<img decoding=\"async\" width=\"354\" height=\"435\" src=\"http:\/\/ecohotelcolombia.com\/wp-content\/uploads\/2022\/02\/logo-blanco.png\" alt=\"\" loading=\"lazy\" srcset=\"https:\/\/ecohotelcolombia.com\/wp-content\/uploads\/2022\/02\/logo-blanco.png 354w, https:\/\/ecohotelcolombia.com\/wp-content\/uploads\/2022\/02\/logo-blanco-244x300.png 244w\" sizes=\"auto, (max-width: 354px) 100vw, 354px\" \/>\t\t\t\t\t\t\t\t\t\t\t\t\t\t<\/p>\n<h5>Bancos &#038; Documentos<\/h5>\n<ul>\n<li>\n\t\t\t\t\t\t\t\t\t\t\t<a href=\"http:\/\/ecohotelcolombia.com\/wp-content\/uploads\/2024\/10\/rut-yurupary.jpg\" target=\"_blank\"><br \/>\n\t\t\t\t\t\t\t\t\t\t\tR. U. T.<br \/>\n\t\t\t\t\t\t\t\t\t\t\t<\/a>\n\t\t\t\t\t\t\t\t\t<\/li>\n<li>\n\t\t\t\t\t\t\t\t\t\t\t<a href=\"http:\/\/ecohotelcolombia.com\/wp-content\/uploads\/2024\/10\/certificado-bancario.jpg\" target=\"_blank\"><br \/>\n\t\t\t\t\t\t\t\t\t\t\tCertifiaci\u00f3n Bank BBVA<br \/>\n\t\t\t\t\t\t\t\t\t\t\t<\/a>\n\t\t\t\t\t\t\t\t\t<\/li>\n<li>\n\t\t\t\t\t\t\t\t\t\t\t<a href=\"http:\/\/ecohotelcolombia.com\/wp-content\/uploads\/2024\/10\/pagos-ecohotel1-qr.jpg\" target=\"_blank\"><br \/>\n\t\t\t\t\t\t\t\t\t\t\tFormas de pago con QR<br \/>\n\t\t\t\t\t\t\t\t\t\t\t<\/a>\n\t\t\t\t\t\t\t\t\t<\/li>\n<\/ul>\n<h5>Hotels Allies<\/h5>\n<ul>\n<li>\n\t\t\t\t\t\t\t\t\t\t\t<a href=\"http:\/\/www.hotelyurupary.com\" target=\"_blank\"><br \/>\n\t\t\t\t\t\t\t\t\t\t\tHotel Yurupary (Leticia)<br \/>\n\t\t\t\t\t\t\t\t\t\t\t<\/a>\n\t\t\t\t\t\t\t\t\t<\/li>\n<li>\n\t\t\t\t\t\t\t\t\t\t\t<a href=\"https:\/\/reservayavarytucano.com\" target=\"_blank\"><br \/>\n\t\t\t\t\t\t\t\t\t\t\tBooking Yavary Tucano (Peru)<br \/>\n\t\t\t\t\t\t\t\t\t\t\t<\/a>\n\t\t\t\t\t\t\t\t\t<\/li>\n<\/ul>\n<h5>Contact<\/h5>\n<ul>\n<li>\n\t\t\t\t\t\t\t\t\t\t\t<a href=\"tel: 573125425900\"><br \/>\n\t\t\t\t\t\t\t\t\t\t+57 312 5425900<br \/>\n\t\t\t\t\t\t\t\t\t\t\t<\/a>\n\t\t\t\t\t\t\t\t\t<\/li>\n<li>\n\t\t\t\t\t\t\t\t\t\t\t<a href=\"https:\/\/wa.link\/n1e2sx\"><br \/>\n\t\t\t\t\t\t\t\t\t\t+57 3115056875<br \/>\n\t\t\t\t\t\t\t\t\t\t\t<\/a>\n\t\t\t\t\t\t\t\t\t<\/li>\n<li>\n\t\t\t\t\t\t\t\t\t\thotelyurupary@hotmail.com\n\t\t\t\t\t\t\t\t\t<\/li>\n<li>\n\t\t\t\t\t\t\t\t\t\tFinca La Esperanza, 1 km from Puerto Nari\u00f1o, Puerto Nari\u00f1o, Amazonas\n\t\t\t\t\t\t\t\t\t<\/li>\n<\/ul>\n<p>\t\t\t<a href=\"#\"><br \/>\n\t\t\t<\/a><\/p>\n<h6>All rights reserved<\/h6>\n<h6>YURUPARY S. A. S.<\/h6>\n<h6> &#8211; 2021<\/h6>\n<h6><a href=\"http:\/\/www.venuscreativos.com\">Website by Venus Creative<\/a><\/h6>","protected":false},"excerpt":{"rendered":"<p>Habitaciones Planes Actividades Como llegar Cont\u00e1cto Habitaciones Planes Actividades Como llegar Cont\u00e1cto RESERVAR Eco Hotel Aldea Vive una experiencia \u00fanica repleta de muchas aventuras y disfruta de la Selva Amaz\u00f3nica en todo su esplendor. Nuestras Habitaciones Contamos con 9 caba\u00f1as con ventilador y 6 habitaciones con aire acondicionado, rodeadas de naturaleza y con un dise\u00f1o [&hellip;]<\/p>","protected":false},"author":2,"featured_media":0,"parent":0,"menu_order":0,"comment_status":"closed","ping_status":"closed","template":"elementor_canvas","meta":{"footnotes":""},"class_list":["post-506","page","type-page","status-publish","hentry"],"yoast_head":"<!-- This site is optimized with the Yoast SEO plugin v16.2 - https:\/\/yoast.com\/wordpress\/plugins\/seo\/ -->\n<title>home2 | EcoHotel Aldea<\/title>\n<meta name=\"description\" content=\"Hospedate en el Hotel Reserva Aguamarina, ven con toda tu familia y disfruta de las mejores vacaciones.\" \/>\n<meta name=\"robots\" content=\"index, follow, max-snippet:-1, max-image-preview:large, max-video-preview:-1\" \/>\n<link rel=\"canonical\" href=\"https:\/\/ecohotelcolombia.com\/en\/\" \/>\n<meta property=\"og:locale\" content=\"en_US\" \/>\n<meta property=\"og:type\" content=\"article\" \/>\n<meta property=\"og:title\" content=\"home2 | EcoHotel Aldea\" \/>\n<meta property=\"og:description\" content=\"Hospedate en el Hotel Reserva Aguamarina, ven con toda tu familia y disfruta de las mejores vacaciones.\" \/>\n<meta property=\"og:url\" content=\"https:\/\/ecohotelcolombia.com\/en\/\" \/>\n<meta property=\"og:site_name\" content=\"EcoHotel Aldea\" \/>\n<meta property=\"article:publisher\" content=\"https:\/\/www.facebook.com\/amazonas.puertonarino\" \/>\n<meta property=\"article:modified_time\" content=\"2025-06-18T22:57:14+00:00\" \/>\n<meta property=\"og:image\" content=\"http:\/\/ecohotelcolombia.com\/wp-content\/uploads\/2022\/02\/LOGO-FULL-2.png\" \/>\n<meta name=\"twitter:card\" content=\"summary_large_image\" \/>\n<meta name=\"twitter:label1\" content=\"Est. reading time\">\n\t<meta name=\"twitter:data1\" content=\"5 minutes\">\n<script type=\"application\/ld+json\" class=\"yoast-schema-graph\">{\"@context\":\"https:\/\/schema.org\",\"@graph\":[{\"@type\":\"Organization\",\"@id\":\"https:\/\/ecohotelcolombia.com\/#organization\",\"name\":\"Eco Hotel Aldea - Puerto Nari\\u00f1o\",\"url\":\"https:\/\/ecohotelcolombia.com\/\",\"sameAs\":[\"https:\/\/www.facebook.com\/amazonas.puertonarino\",\"https:\/\/www.instagram.com\/ecohotel.aldea\/\"],\"logo\":{\"@type\":\"ImageObject\",\"@id\":\"https:\/\/ecohotelcolombia.com\/#logo\",\"inLanguage\":\"en-US\",\"url\":\"http:\/\/ecohotelcolombia.com\/wp-content\/uploads\/2021\/05\/BLANCO-Logo-Reserva-Aguamrina.png\",\"contentUrl\":\"http:\/\/ecohotelcolombia.com\/wp-content\/uploads\/2021\/05\/BLANCO-Logo-Reserva-Aguamrina.png\",\"width\":2993,\"height\":1447,\"caption\":\"Eco Hotel Aldea - Puerto Nari\\u00f1o\"},\"image\":{\"@id\":\"https:\/\/ecohotelcolombia.com\/#logo\"}},{\"@type\":\"WebSite\",\"@id\":\"https:\/\/ecohotelcolombia.com\/#website\",\"url\":\"https:\/\/ecohotelcolombia.com\/\",\"name\":\"Eco Hotel en Puerto Nari\\u00f1o Colombia\",\"description\":\"en Puerto Nari\\u00f1o - Colombia\",\"publisher\":{\"@id\":\"https:\/\/ecohotelcolombia.com\/#organization\"},\"potentialAction\":[{\"@type\":\"SearchAction\",\"target\":\"https:\/\/ecohotelcolombia.com\/?s={search_term_string}\",\"query-input\":\"required name=search_term_string\"}],\"inLanguage\":\"en-US\"},{\"@type\":\"ImageObject\",\"@id\":\"https:\/\/ecohotelcolombia.com\/#primaryimage\",\"inLanguage\":\"en-US\",\"url\":\"http:\/\/ecohotelcolombia.com\/wp-content\/uploads\/2022\/02\/LOGO-FULL-2.png\",\"contentUrl\":\"http:\/\/ecohotelcolombia.com\/wp-content\/uploads\/2022\/02\/LOGO-FULL-2.png\"},{\"@type\":\"WebPage\",\"@id\":\"https:\/\/ecohotelcolombia.com\/#webpage\",\"url\":\"https:\/\/ecohotelcolombia.com\/\",\"name\":\"home2 | EcoHotel Aldea\",\"isPartOf\":{\"@id\":\"https:\/\/ecohotelcolombia.com\/#website\"},\"primaryImageOfPage\":{\"@id\":\"https:\/\/ecohotelcolombia.com\/#primaryimage\"},\"datePublished\":\"2022-02-16T20:36:37+00:00\",\"dateModified\":\"2025-06-18T22:57:14+00:00\",\"description\":\"Hospedate en el Hotel Reserva Aguamarina, ven con toda tu familia y disfruta de las mejores vacaciones.\",\"breadcrumb\":{\"@id\":\"https:\/\/ecohotelcolombia.com\/#breadcrumb\"},\"inLanguage\":\"en-US\",\"potentialAction\":[{\"@type\":\"ReadAction\",\"target\":[\"https:\/\/ecohotelcolombia.com\/\"]}]},{\"@type\":\"BreadcrumbList\",\"@id\":\"https:\/\/ecohotelcolombia.com\/#breadcrumb\",\"itemListElement\":[{\"@type\":\"ListItem\",\"position\":1,\"item\":{\"@type\":\"WebPage\",\"@id\":\"https:\/\/ecohotelcolombia.com\/\",\"url\":\"https:\/\/ecohotelcolombia.com\/\",\"name\":\"Portada\"}},{\"@type\":\"ListItem\",\"position\":2,\"item\":{\"@id\":\"https:\/\/ecohotelcolombia.com\/#webpage\"}}]}]}<\/script>\n<!-- \/ Yoast SEO plugin. -->","_links":{"self":[{"href":"https:\/\/ecohotelcolombia.com\/en\/wp-json\/wp\/v2\/pages\/506","targetHints":{"allow":["GET"]}}],"collection":[{"href":"https:\/\/ecohotelcolombia.com\/en\/wp-json\/wp\/v2\/pages"}],"about":[{"href":"https:\/\/ecohotelcolombia.com\/en\/wp-json\/wp\/v2\/types\/page"}],"author":[{"embeddable":true,"href":"https:\/\/ecohotelcolombia.com\/en\/wp-json\/wp\/v2\/users\/2"}],"replies":[{"embeddable":true,"href":"https:\/\/ecohotelcolombia.com\/en\/wp-json\/wp\/v2\/comments?post=506"}],"version-history":[{"count":181,"href":"https:\/\/ecohotelcolombia.com\/en\/wp-json\/wp\/v2\/pages\/506\/revisions"}],"predecessor-version":[{"id":1048,"href":"https:\/\/ecohotelcolombia.com\/en\/wp-json\/wp\/v2\/pages\/506\/revisions\/1048"}],"wp:attachment":[{"href":"https:\/\/ecohotelcolombia.com\/en\/wp-json\/wp\/v2\/media?parent=506"}],"curies":[{"name":"wp","href":"https:\/\/api.w.org\/{rel}","templated":true}]}}